{"id":15,"date":"2017-03-15T23:53:46","date_gmt":"2017-03-15T22:53:46","guid":{"rendered":"http:\/\/blaskapelle-usb.de\/?page_id=15"},"modified":"2019-03-16T10:52:53","modified_gmt":"2019-03-16T09:52:53","slug":"blaskapelle","status":"publish","type":"page","link":"https:\/\/blaskapelle-usb.de\/?page_id=15","title":{"rendered":"Blaskapelle"},"content":{"rendered":"<h1 style=\"text-align: center;\">Blaskapelle<\/h1>\n<p>Die Blaskapelle Unterschweinbach wurde 2006 mit einigen jungen Musiker\/innen und auch einigen ehemaligen Sch\u00fclern\u00a0der Bl\u00e4serklasse der Realschule Maisach gegr\u00fcndet. Seitdem hat sie sich auf bayerische und b\u00f6hmische Blasmusik spezialisiert und immer weiterentwickelt. Inzwischen z\u00e4hlen wir ca. 35 aktive Musikanten und haben jedes Jahr in etwa 30 gr\u00f6\u00dfere und kleinere Auftritte. Regelm\u00e4\u00dfig sorgen wir beim Maibaumaufstellen, bei Hallenfesten und Festumz\u00fcgen aber auch auf Hochzeiten und auf Christkindlm\u00e4rkten f\u00fcr \u00a0gute Stimmung.<\/p>\n<p><a href=\"https:\/\/blaskapelle-usb.de\/wp-content\/uploads\/Gruppenbild_Blaskapelle.jpg\"><img loading=\"lazy\" decoding=\"async\" class=\"aligncenter wp-image-1142 size-large\" src=\"https:\/\/blaskapelle-usb.de\/wp-content\/uploads\/Gruppenbild_Blaskapelle-1024x683.jpg\" alt=\"\" width=\"654\" height=\"436\" srcset=\"https:\/\/blaskapelle-usb.de\/wp-content\/uploads\/Gruppenbild_Blaskapelle-1024x683.jpg 1024w, https:\/\/blaskapelle-usb.de\/wp-content\/uploads\/Gruppenbild_Blaskapelle-300x200.jpg 300w, https:\/\/blaskapelle-usb.de\/wp-content\/uploads\/Gruppenbild_Blaskapelle-768x512.jpg 768w, https:\/\/blaskapelle-usb.de\/wp-content\/uploads\/Gruppenbild_Blaskapelle-2x1.jpg 2w\" sizes=\"(max-width: 654px) 100vw, 654px\" \/><\/a><\/p>\n","protected":false},"excerpt":{"rendered":"<p>Blaskapelle Die Blaskapelle Unterschweinbach wurde 2006 mit einigen jungen Musiker\/innen und auch einigen ehemaligen Sch\u00fclern\u00a0der Bl\u00e4serklasse der Realschule Maisach gegr\u00fcndet. Seitdem hat sie sich auf bayerische und b\u00f6hmische Blasmusik spezialisiert und immer weiterentwickelt. Inzwischen z\u00e4hlen wir ca. 35 aktive Musikanten und haben jedes Jahr in etwa 30 gr\u00f6\u00dfere und kleinere Auftritte. Regelm\u00e4\u00dfig sorgen wir beim [&hellip;]<\/p>\n","protected":false},"author":7,"featured_media":0,"parent":0,"menu_order":0,"comment_status":"closed","ping_status":"closed","template":"","meta":{"footnotes":""},"class_list":["post-15","page","type-page","status-publish","hentry"],"_links":{"self":[{"href":"https:\/\/blaskapelle-usb.de\/index.php?rest_route=\/wp\/v2\/pages\/15"}],"collection":[{"href":"https:\/\/blaskapelle-usb.de\/index.php?rest_route=\/wp\/v2\/pages"}],"about":[{"href":"https:\/\/blaskapelle-usb.de\/index.php?rest_route=\/wp\/v2\/types\/page"}],"author":[{"embeddable":true,"href":"https:\/\/blaskapelle-usb.de\/index.php?rest_route=\/wp\/v2\/users\/7"}],"replies":[{"embeddable":true,"href":"https:\/\/blaskapelle-usb.de\/index.php?rest_route=%2Fwp%2Fv2%2Fcomments&post=15"}],"version-history":[{"count":9,"href":"https:\/\/blaskapelle-usb.de\/index.php?rest_route=\/wp\/v2\/pages\/15\/revisions"}],"predecessor-version":[{"id":1143,"href":"https:\/\/blaskapelle-usb.de\/index.php?rest_route=\/wp\/v2\/pages\/15\/revisions\/1143"}],"wp:attachment":[{"href":"https:\/\/blaskapelle-usb.de\/index.php?rest_route=%2Fwp%2Fv2%2Fmedia&parent=15"}],"curies":[{"name":"wp","href":"https:\/\/api.w.org\/{rel}","templated":true}]}}